{"id":1037,"date":"2023-09-26T12:35:47","date_gmt":"2023-09-26T12:35:47","guid":{"rendered":"https:\/\/ebeyes.com\/?page_id=1037"},"modified":"2023-09-26T22:10:27","modified_gmt":"2023-09-26T22:10:27","slug":"concursos","status":"publish","type":"page","link":"https:\/\/ebeyes.com\/index.php\/concursos\/","title":{"rendered":"Concursos"},"content":{"rendered":"\t\t<div data-elementor-type=\"wp-page\" data-elementor-id=\"1037\" class=\"elementor elementor-1037\">\n\t\t\t\t\t\t<section class=\"elementor-section elementor-top-section elementor-element elementor-element-2c253c3 elementor-section-boxed elementor-section-height-default elementor-section-height-default\" data-id=\"2c253c3\" data-element_type=\"section\">\n\t\t\t\t\t\t<div class=\"elementor-container elementor-column-gap-default\">\n\t\t\t\t\t<div class=\"aux-parallax-section elementor-column elementor-col-100 elementor-top-column elementor-element elementor-element-0838885\" data-id=\"0838885\" data-element_type=\"column\">\n\t\t\t<div class=\"elementor-widget-wrap elementor-element-populated\">\n\t\t\t\t\t\t\t<\/div>\n\t\t<\/div>\n\t\t\t\t\t<\/div>\n\t\t<\/section>\n\t\t\t\t<section class=\"elementor-section elementor-top-section elementor-element elementor-element-5ec9fae elementor-section-boxed elementor-section-height-default elementor-section-height-default\" data-id=\"5ec9fae\" data-element_type=\"section\">\n\t\t\t\t\t\t<div class=\"elementor-container elementor-column-gap-default\">\n\t\t\t\t\t<div class=\"aux-parallax-section elementor-column elementor-col-100 elementor-top-column elementor-element elementor-element-ba2b2c8\" data-id=\"ba2b2c8\" data-element_type=\"column\">\n\t\t\t<div class=\"elementor-widget-wrap\">\n\t\t\t\t\t\t\t<\/div>\n\t\t<\/div>\n\t\t\t\t\t<\/div>\n\t\t<\/section>\n\t\t\t\t<section class=\"elementor-section elementor-top-section elementor-element elementor-element-2fc2b9b elementor-section-boxed elementor-section-height-default elementor-section-height-default\" data-id=\"2fc2b9b\" data-element_type=\"section\">\n\t\t\t\t\t\t<div class=\"elementor-container elementor-column-gap-default\">\n\t\t\t\t\t<div class=\"aux-parallax-section elementor-column elementor-col-100 elementor-top-column elementor-element elementor-element-9d7bf62\" data-id=\"9d7bf62\" data-element_type=\"column\">\n\t\t\t<div class=\"elementor-widget-wrap elementor-element-populated\">\n\t\t\t\t\t\t<div class=\"elementor-element elementor-element-1ce1916 elementor-widget elementor-widget-image\" data-id=\"1ce1916\" data-element_type=\"widget\" data-widget_type=\"image.default\">\n\t\t\t\t<div class=\"elementor-widget-container\">\n\t\t\t\t\t\t\t\t\t\t\t\t\t\t\t<img fetchpriority=\"high\" decoding=\"async\" width=\"768\" height=\"768\" src=\"https:\/\/ebeyes.com\/wp-content\/uploads\/2023\/09\/photo_2023-09-26-14.42.14-768x768.jpeg\" class=\"attachment-medium_large size-medium_large wp-image-1061\" alt=\"\" srcset=\"https:\/\/ebeyes.com\/wp-content\/uploads\/2023\/09\/photo_2023-09-26-14.42.14-768x768.jpeg 768w, https:\/\/ebeyes.com\/wp-content\/uploads\/2023\/09\/photo_2023-09-26-14.42.14-300x300.jpeg 300w, https:\/\/ebeyes.com\/wp-content\/uploads\/2023\/09\/photo_2023-09-26-14.42.14-1024x1024.jpeg 1024w, https:\/\/ebeyes.com\/wp-content\/uploads\/2023\/09\/photo_2023-09-26-14.42.14-150x150.jpeg 150w, https:\/\/ebeyes.com\/wp-content\/uploads\/2023\/09\/photo_2023-09-26-14.42.14.jpeg 1080w\" sizes=\"(max-width: 768px) 100vw, 768px\" \/>\t\t\t\t\t\t\t\t\t\t\t\t\t\t\t<\/div>\n\t\t\t\t<\/div>\n\t\t\t\t<div class=\"elementor-element elementor-element-5423881 elementor-widget elementor-widget-text-editor\" data-id=\"5423881\" data-element_type=\"widget\" data-widget_type=\"text-editor.default\">\n\t\t\t\t<div class=\"elementor-widget-container\">\n\t\t\t\t\t\t\t\t\t<p>BASES LEGALES DE PARTICIPACI\u00d3N EN EL SORTEO<\/p><p>Este sorteo no est\u00e1 patrocinado, respaldado ni administrado por Instagram o sus asociados. Al participar, confirmas que cumples con los requisitos de elegibilidad mencionados en la publicaci\u00f3n y liberas a Instagram de toda responsabilidad. La informaci\u00f3n proporcionada ser\u00e1 utilizada \u00fanicamente para este sorteo y no ser\u00e1 compartida con terceros. El ganador\/a ser\u00e1 anunciado\/a en la fecha indicada y contactado\/a directamente por nosotros para coordinar la entrega del premio. \u00a1Buena suerte a todos los participantes!<\/p><p>1. ENTIDAD ORGANIZADORA DE LA PROMOCI\u00d3N<br \/>La entidad Essential Beauty (Ana Bel\u00e9n Carretero Peco), con domicilio a Calafell, calle Vilamar, 36 local 7 e identificada con el n\u00famero N.I.F.: 40987785-Z organiza el sorteo (de ahora en adelante, \u201cla Promoci\u00f3n\u201d) de \u00e1mbito nacional, a desarrollar a trav\u00e9s de Internet, exclusivo para usuarios residentes en Catalu\u00f1a, de acuerdo con lo dispuesto en el apartado requisitos de participaci\u00f3n.<\/p><p>La finalidad de este sorteo es premiar la fidelidad de los seguidores de la marca.<\/p><p>2.-FECHA DE INICIO Y FECHA DE FINALIZACI\u00d3N<\/p><p>La Promoci\u00f3n se iniciar\u00e1 el 27 de septiembre del 2023, y finalizar\u00e1 el 8 de octubre del 2023. Anunciando los ganadores del sorteo el 9 de octubre del 2023.<\/p><p>La entidad se reserva la facultad de no proceder a llevar a cabo la acci\u00f3n promocional si para la fecha reflejada de comienzo de la misma no se ha registrado una participaci\u00f3n superior a 10. De igual manera, la entidad podr\u00e1 extender la terminaci\u00f3n de la acci\u00f3n promocional por 2 semanas m\u00e1s, en caso de que se registre un n\u00famero mayor de 10 participaciones.<\/p><p>3.- REQUISITOS DE PARTICIPACI\u00d3N Y MEC\u00c1NICA DE LA PROMOCI\u00d3N<\/p><p>Los requisitos de participaci\u00f3n ser\u00e1n los siguientes:<\/p><p>Podr\u00e1n participar aquellas personas que sean mayores de 18 a\u00f1os.<br \/>Solo podr\u00e1n participar aquellos Participantes que sean titulares de una cuenta en Instagram.<br \/>Los Participantes tendr\u00e1n que comentar la publicaci\u00f3n de la marca en la red social Instagram etiquetando a [2 amigos] durante el periodo de participaci\u00f3n.<br \/>Los Participantes solo podr\u00e1n participar con un \u00fanico perfil de Instagram. Si se detecta que un participante lo hace con varios perfiles de Instagram ser\u00e1n descalificados.<br \/>La aplicaci\u00f3n acumular\u00e1 menciones y hashtags de un mismo Participante aunque est\u00e9n en comentarios diferentes.<\/p><p>4.- CONDICIONES DE LA PROMOCI\u00d3N Y PREMIOS<\/p><p>Se elegir\u00e1 al ganador por medio de la plataforma APPSorteos de manera aleatoria. El ganador ser\u00e1 comunicado el 9 de octubre del 2023 a trav\u00e9s de los perfiles sociales de la marca.<\/p><p>El premio consistir\u00e1 en 30 minutos de una rutina facial completa que incluye limpieza, tonificaci\u00f3n, peeling, hidrataci\u00f3n y un relajante masaje facial. El premio no se podr\u00e1 cambiar por dinero en met\u00e1lico o por cualquier otro premio, ni puede ser objeto de cambio o alteraci\u00f3n. La entidad se guarda el derecho de modificar el premio si en el d\u00eda de declarar al participante como ganador existiera alg\u00fan problemas de disponibilidad del mismo y, por lo tanto, imposibilidad de poder dar el mismo.<\/p><p>El ganador podr\u00e1 contactar con la entidad durante el plazo de diez d\u00edas a contar desde la fecha en la cual se anuncie en el perfil social de la marca. En caso de que en el plazo estipulado no se produjera tal contacto se proceder\u00e1 a declarar el sorteo desierto.<\/p><p>La celebraci\u00f3n del sorteo, as\u00ed como la concesi\u00f3n del premio quedan sujetos a la normativa fiscal vigente.<\/p><p>5.- DESCALIFICACIONES Y PENALIZACIONES<\/p><p>Si se evidenciara que cualquiera de los Participantes no cumple con los requisitos exigidos en las Bases, o los datos proporcionados para participar no fueran v\u00e1lidos, su participaci\u00f3n se considerar\u00e1 nula y quedar\u00e1n autom\u00e1ticamente excluidos de la Promoci\u00f3n perdiendo todo derecho sobre los premios otorgados en virtud de esta Promoci\u00f3n.<\/p><p>La entidad se reserva el derecho de declarar el sorteo desierto.<\/p><p>6.- PUBLICACI\u00d3N DE COMENTARIOS U OPINIONES<\/p><p>No se permitir\u00e1n comentarios u opiniones el contenido de las cuales se considere inadecuado, que sean ofensivos, injuriosos o discriminatorios o que pudieran vulnerar derechos de terceros. Tampoco se permitir\u00e1n comentarios contra un particular que vulneren los principios de derecho al honor, a la intimidad personal y familiar y a la misma imagen.<\/p><p>No nos responsabilizaremos de los da\u00f1os ocasionados por los comentarios que hagan los Participantes en la Promoci\u00f3n, y que en cualquier momento pudieran herir la sensibilidad otros Participantes.<\/p><p>La participaci\u00f3n en la presente Promoci\u00f3n, as\u00ed como la publicaci\u00f3n de los comentarios que se realicen por parte de los Participantes en las publicaciones no podr\u00e1n vulnerar en ning\u00fan concepto las Reglas comunitarias de Instagram ni las Condiciones de uso de Instagram.<\/p><p>Si se descubriera por parte de la entidad el uso de medios fraudulentos para la participaci\u00f3n, como por ejemplo el uso de bots en los comentarios, el premio no le ser\u00e1 adjudicado y continuar\u00e1 siendo propiedad de la entidad.<\/p><p>7.-EXONERACI\u00d3N DE RESPONSABILIDAD<\/p><p>A t\u00edtulo enunciativo, pero no limitativo, no nos responsabilizamos de las posibles p\u00e9rdidas, robos, retrasos o cualquiera otra circunstancia imputable a terceros que puedan afectar el desarrollo de la presente Promoci\u00f3n, as\u00ed como tampoco nos responsabilizamos del uso que haga el Participante respecto del premio que obtenga de esta Promoci\u00f3n.<\/p><p>No asumimos la responsabilidad en casos de fuerza mayor o caso fortuito que pudieran impedir la realizaci\u00f3n de la Promoci\u00f3n o el goce total o parcial del premio.<\/p><p>En caso de que esta Promoci\u00f3n no pudiera realizarse, bien por fraudes detectados en esta, errores t\u00e9cnicos, o cualquier otro motivo que no est\u00e9 bajo el control de la entidad y que afecte el normal desarrollo del Concurso, nos reservamos el derecho a cancelar, modificar, o suspender la misma, incluyendo la p\u00e1gina web de participaci\u00f3n.<\/p><p>8.- PROTECCI\u00d3N DE DATOS PERSONALES<\/p><p>La entidad responsable del tratamiento de sus datos es Essential Beauty (Ana Bel\u00e9n Carretero Peco), con domicilio a Calafell, calle Vilamar, 36 local 7 e identificada con el n\u00famero N.I.F.: 40987785-Z.<\/p><p>En conformidad con lo establecido en el Reglamento General de Protecci\u00f3n de Datos, cada participante con la aceptaci\u00f3n de estas Bases Legales consiente que sus datos personales sean incorporados a un fichero, titularidad de esta, con el fin de gestionar el sorteo, as\u00ed como difundir y dar publicidad a sus resultados, y tramitar la entrega del premio.<\/p><p>Lo informamos que puede ejercer sus derechos de Acceso, Rectificaci\u00f3n, Supresi\u00f3n, Oposici\u00f3n, Limitaci\u00f3n del tratamiento, Portabilidad, olvido y a no ser objeto de decisiones individuales automatizadas mediante el env\u00edo de un e-mail a ebeyes@ebeyes.com o bien mediante carta dirigida a la siguiente direcci\u00f3n: calle Vilamar, 36 local 7 \u2013 43820 Calafell (Tarragona), adjuntando en ambos casos copia de un documento identificativo.<\/p><p>Sin perjuicio de cualquier otro recurso administrativo o acci\u00f3n judicial, el Participante tendr\u00e1 derecho a presentar una reclamaci\u00f3n ante una Autoridad de Control, en particular en la provincia en el cual tenga su residencia habitual, puesto de trabajo o lugar de la supuesta infracci\u00f3n, en caso de que considere que el tratamiento de sus datos personales no es adecuado a la normativa, as\u00ed como en el caso de no ver satisfecho el ejercicio de sus derechos.<\/p><p>Es por eso que el Participante declara haber sido informado de las condiciones sobre protecci\u00f3n de datos personales aceptante y consintiendo el tratamiento.<\/p><p>9.- CAMBIOS Y ACEPTACI\u00d3N<\/p><p>Nos reservamos el derecho de modificar o ampliar estas bases promocionales, en la medida que no perjudique o menoscabe los derechos de los Participantes en la Promoci\u00f3n.<\/p><p>El mero hecho de participar en el sorteo implica que el Participante acepta totalmente las condiciones de estas Bases Legales. As\u00ed mismo, la participaci\u00f3n en un sorteo de esta naturaleza supone la aceptaci\u00f3n de las normas de la red social Instagram a trav\u00e9s del cual se desarrolla el mismo.<\/p><p>10.- LEGISLACI\u00d3N APLICABLE Y JURISDICCI\u00d3N<\/p><p>Estas bases legales se regir\u00e1n en conformidad con la ley espa\u00f1ola y catalana. Ser\u00e1n competentes para resolver cualquier reclamaci\u00f3n o controversia que pudiera plantearse en relaci\u00f3n con la validez, interpretaci\u00f3n o cumplimiento de estas bases los Juzgados y Tribunales de la ciudad de residencia del Participante.<\/p>\t\t\t\t\t\t\t\t<\/div>\n\t\t\t\t<\/div>\n\t\t\t\t\t<\/div>\n\t\t<\/div>\n\t\t\t\t\t<\/div>\n\t\t<\/section>\n\t\t\t\t<\/div>\n\t\t","protected":false},"excerpt":{"rendered":"<p>BASES LEGALES DE PARTICIPACI\u00d3N EN EL SORTEO Este sorteo no est\u00e1 patrocinado, respaldado ni administrado por Instagram o sus asociados. Al participar, confirmas que cumples con los requisitos de elegibilidad mencionados en la publicaci\u00f3n y liberas a Instagram de toda responsabilidad. La informaci\u00f3n proporcionada ser\u00e1 utilizada \u00fanicamente para este sorteo y no ser\u00e1 compartida con [&hellip;]<\/p>\n","protected":false},"author":3,"featured_media":1061,"parent":0,"menu_order":0,"comment_status":"closed","ping_status":"closed","template":"","meta":{"om_disable_all_campaigns":false,"_monsterinsights_skip_tracking":false,"_monsterinsights_sitenote_active":false,"_monsterinsights_sitenote_note":"","_monsterinsights_sitenote_category":0,"footnotes":""},"class_list":["post-1037","page","type-page","status-publish","has-post-thumbnail","hentry"],"aioseo_notices":[],"_links":{"self":[{"href":"https:\/\/ebeyes.com\/index.php\/wp-json\/wp\/v2\/pages\/1037","targetHints":{"allow":["GET"]}}],"collection":[{"href":"https:\/\/ebeyes.com\/index.php\/wp-json\/wp\/v2\/pages"}],"about":[{"href":"https:\/\/ebeyes.com\/index.php\/wp-json\/wp\/v2\/types\/page"}],"author":[{"embeddable":true,"href":"https:\/\/ebeyes.com\/index.php\/wp-json\/wp\/v2\/users\/3"}],"replies":[{"embeddable":true,"href":"https:\/\/ebeyes.com\/index.php\/wp-json\/wp\/v2\/comments?post=1037"}],"version-history":[{"count":0,"href":"https:\/\/ebeyes.com\/index.php\/wp-json\/wp\/v2\/pages\/1037\/revisions"}],"wp:featuredmedia":[{"embeddable":true,"href":"https:\/\/ebeyes.com\/index.php\/wp-json\/wp\/v2\/media\/1061"}],"wp:attachment":[{"href":"https:\/\/ebeyes.com\/index.php\/wp-json\/wp\/v2\/media?parent=1037"}],"curies":[{"name":"wp","href":"https:\/\/api.w.org\/{rel}","templated":true}]}}